{"id":15,"date":"2026-03-23T21:23:48","date_gmt":"2026-03-23T21:23:48","guid":{"rendered":"https:\/\/traductionroumaine.fr\/?page_id=15"},"modified":"2026-04-03T18:09:11","modified_gmt":"2026-04-03T18:09:11","slug":"traduction-roumaine","status":"publish","type":"page","link":"https:\/\/traductionroumaine.fr\/","title":{"rendered":"Traductrice &#8211; Interpr\u00e8te"},"content":{"rendered":"\n<p> Bonjour! Bun\u0103 ziua!<\/p>\n\n\n\n<p>Je m&rsquo;appelle Madalina Dima, consultante r\u00e9f\u00e9rente en communication      fran\u00e7ais &lt;> roumain.<\/p>\n\n\n\n<p>La traduction est au c\u0153ur de ma pratique, envisag\u00e9e comme un levier  au service des personnes, des id\u00e9es et des cultures.<\/p>\n\n\n\n<div class=\"wp-block-cover\"><span aria-hidden=\"true\" class=\"wp-block-cover__background has-background-dim\"><\/span><div class=\"wp-block-cover__inner-container is-layout-flow wp-block-cover-is-layout-flow\">\n<div class=\"wp-block-group is-nowrap is-layout-flex wp-container-core-group-is-layout-6c531013 wp-block-group-is-layout-flex\">\n<div class=\"wp-block-columns is-layout-flex wp-container-core-columns-is-layout-28f84493 wp-block-columns-is-layout-flex\">\n<div class=\"wp-block-column is-layout-flow wp-block-column-is-layout-flow\" style=\"flex-basis:100%\">\n<div class=\"wp-block-group is-nowrap is-layout-flex wp-container-core-group-is-layout-6c531013 wp-block-group-is-layout-flex\">\n<p>Ma mission est simple : franchir les barri\u00e8res linguistiques et accompagner les entreprises ambitieuses dans leur d\u00e9veloppement sur le march\u00e9 roumain.<\/p>\n\n\n\n<figure class=\"wp-block-image size-large\"><img loading=\"lazy\" decoding=\"async\" width=\"928\" height=\"1024\" src=\"https:\/\/traductionroumaine.fr\/wp-content\/uploads\/2026\/03\/Photo-profil-sacou1-928x1024.jpg\" alt=\"\" class=\"wp-image-9\" srcset=\"https:\/\/traductionroumaine.fr\/wp-content\/uploads\/2026\/03\/Photo-profil-sacou1-928x1024.jpg 928w, https:\/\/traductionroumaine.fr\/wp-content\/uploads\/2026\/03\/Photo-profil-sacou1-272x300.jpg 272w, https:\/\/traductionroumaine.fr\/wp-content\/uploads\/2026\/03\/Photo-profil-sacou1-768x848.jpg 768w, https:\/\/traductionroumaine.fr\/wp-content\/uploads\/2026\/03\/Photo-profil-sacou1-1391x1536.jpg 1391w, https:\/\/traductionroumaine.fr\/wp-content\/uploads\/2026\/03\/Photo-profil-sacou1-1855x2048.jpg 1855w\" sizes=\"auto, (max-width: 928px) 100vw, 928px\" \/><\/figure>\n<\/div>\n<\/div>\n<\/div>\n<\/div>\n<\/div><\/div>\n\n\n\n<p>Je suis \u00e0 l&rsquo;\u00e9coute des besoins de votre entreprise. Vous pouvez m&rsquo;\u00e9crire \u00e0 <em>contact@traductionroumaine.fr<\/em><\/p>\n","protected":false},"excerpt":{"rendered":"<p>Bonjour! Bun\u0103 ziua! Je m&rsquo;appelle Madalina Dima, consultante r\u00e9f\u00e9rente en communication fran\u00e7ais &lt;> roumain. La traduction est au c\u0153ur de ma pratique, envisag\u00e9e comme un levier au service des personnes, des id\u00e9es et des cultures. Je suis \u00e0 l&rsquo;\u00e9coute des besoins de votre entreprise. Vous pouvez m&rsquo;\u00e9crire \u00e0 contact@traductionroumaine.fr<\/p>\n","protected":false},"author":1,"featured_media":0,"parent":0,"menu_order":0,"comment_status":"closed","ping_status":"closed","template":"","meta":{"footnotes":""},"class_list":["post-15","page","type-page","status-publish","hentry"],"yoast_head":"<!-- This site is optimized with the Yoast SEO plugin v27.2 - https:\/\/yoast.com\/product\/yoast-seo-wordpress\/ -->\n<title>Traduction fran\u00e7ais roumain entreprise soci\u00e9t\u00e9 accompagnement<\/title>\n<meta name=\"description\" content=\"Ma mission: franchir les barri\u00e8res linguistiques et accompagner les entreprises ambitieuses dans leur d\u00e9veloppement sur le march\u00e9 roumain.\" \/>\n<meta name=\"robots\" content=\"index, follow, max-snippet:-1, max-image-preview:large, max-video-preview:-1\" \/>\n<link rel=\"canonical\" href=\"https:\/\/traductionroumaine.fr\/\" \/>\n<meta property=\"og:locale\" content=\"fr_FR\" \/>\n<meta property=\"og:type\" content=\"article\" \/>\n<meta property=\"og:title\" content=\"Traduction fran\u00e7ais roumain entreprise soci\u00e9t\u00e9 accompagnement\" \/>\n<meta property=\"og:description\" content=\"Ma mission: franchir les barri\u00e8res linguistiques et accompagner les entreprises ambitieuses dans leur d\u00e9veloppement sur le march\u00e9 roumain.\" \/>\n<meta property=\"og:url\" content=\"https:\/\/traductionroumaine.fr\/\" \/>\n<meta property=\"og:site_name\" content=\"Traductions fran\u00e7ais&lt;&gt; roumain\" \/>\n<meta property=\"article:modified_time\" content=\"2026-04-03T18:09:11+00:00\" \/>\n<meta property=\"og:image\" content=\"https:\/\/traductionroumaine.fr\/wp-content\/uploads\/2026\/03\/Photo-profil-sacou1-scaled.jpg\" \/>\n\t<meta property=\"og:image:width\" content=\"2319\" \/>\n\t<meta property=\"og:image:height\" content=\"2560\" \/>\n\t<meta property=\"og:image:type\" content=\"image\/jpeg\" \/>\n<meta name=\"twitter:card\" content=\"summary_large_image\" \/>\n<meta name=\"twitter:label1\" content=\"Dur\u00e9e de lecture estim\u00e9e\" \/>\n\t<meta name=\"twitter:data1\" content=\"1 minute\" \/>\n<script type=\"application\/ld+json\" class=\"yoast-schema-graph\">{\"@context\":\"https:\/\/schema.org\",\"@graph\":[{\"@type\":\"WebPage\",\"@id\":\"https:\/\/traductionroumaine.fr\/\",\"url\":\"https:\/\/traductionroumaine.fr\/\",\"name\":\"Traduction fran\u00e7ais roumain entreprise soci\u00e9t\u00e9 accompagnement\",\"isPartOf\":{\"@id\":\"https:\/\/traductionroumaine.fr\/#website\"},\"primaryImageOfPage\":{\"@id\":\"https:\/\/traductionroumaine.fr\/#primaryimage\"},\"image\":{\"@id\":\"https:\/\/traductionroumaine.fr\/#primaryimage\"},\"thumbnailUrl\":\"https:\/\/traductionroumaine.fr\/wp-content\/uploads\/2026\/03\/Photo-profil-sacou1-928x1024.jpg\",\"datePublished\":\"2026-03-23T21:23:48+00:00\",\"dateModified\":\"2026-04-03T18:09:11+00:00\",\"description\":\"Ma mission: franchir les barri\u00e8res linguistiques et accompagner les entreprises ambitieuses dans leur d\u00e9veloppement sur le march\u00e9 roumain.\",\"breadcrumb\":{\"@id\":\"https:\/\/traductionroumaine.fr\/#breadcrumb\"},\"inLanguage\":\"fr-FR\",\"potentialAction\":[{\"@type\":\"ReadAction\",\"target\":[\"https:\/\/traductionroumaine.fr\/\"]}]},{\"@type\":\"ImageObject\",\"inLanguage\":\"fr-FR\",\"@id\":\"https:\/\/traductionroumaine.fr\/#primaryimage\",\"url\":\"https:\/\/traductionroumaine.fr\/wp-content\/uploads\/2026\/03\/Photo-profil-sacou1-scaled.jpg\",\"contentUrl\":\"https:\/\/traductionroumaine.fr\/wp-content\/uploads\/2026\/03\/Photo-profil-sacou1-scaled.jpg\",\"width\":2319,\"height\":2560},{\"@type\":\"BreadcrumbList\",\"@id\":\"https:\/\/traductionroumaine.fr\/#breadcrumb\",\"itemListElement\":[{\"@type\":\"ListItem\",\"position\":1,\"name\":\"Accueil\",\"item\":\"https:\/\/traductionroumaine.fr\/\"},{\"@type\":\"ListItem\",\"position\":2,\"name\":\"Traductrice &#8211; Interpr\u00e8te\"}]},{\"@type\":\"WebSite\",\"@id\":\"https:\/\/traductionroumaine.fr\/#website\",\"url\":\"https:\/\/traductionroumaine.fr\/\",\"name\":\"Traductions fran\u00e7ais&lt;&gt; roumain\",\"description\":\"\",\"potentialAction\":[{\"@type\":\"SearchAction\",\"target\":{\"@type\":\"EntryPoint\",\"urlTemplate\":\"https:\/\/traductionroumaine.fr\/?s={search_term_string}\"},\"query-input\":{\"@type\":\"PropertyValueSpecification\",\"valueRequired\":true,\"valueName\":\"search_term_string\"}}],\"inLanguage\":\"fr-FR\"}]}<\/script>\n<!-- \/ Yoast SEO plugin. -->","yoast_head_json":{"title":"Traduction fran\u00e7ais roumain entreprise soci\u00e9t\u00e9 accompagnement","description":"Ma mission: franchir les barri\u00e8res linguistiques et accompagner les entreprises ambitieuses dans leur d\u00e9veloppement sur le march\u00e9 roumain.","robots":{"index":"index","follow":"follow","max-snippet":"max-snippet:-1","max-image-preview":"max-image-preview:large","max-video-preview":"max-video-preview:-1"},"canonical":"https:\/\/traductionroumaine.fr\/","og_locale":"fr_FR","og_type":"article","og_title":"Traduction fran\u00e7ais roumain entreprise soci\u00e9t\u00e9 accompagnement","og_description":"Ma mission: franchir les barri\u00e8res linguistiques et accompagner les entreprises ambitieuses dans leur d\u00e9veloppement sur le march\u00e9 roumain.","og_url":"https:\/\/traductionroumaine.fr\/","og_site_name":"Traductions fran\u00e7ais&lt;&gt; roumain","article_modified_time":"2026-04-03T18:09:11+00:00","og_image":[{"width":2319,"height":2560,"url":"https:\/\/traductionroumaine.fr\/wp-content\/uploads\/2026\/03\/Photo-profil-sacou1-scaled.jpg","type":"image\/jpeg"}],"twitter_card":"summary_large_image","twitter_misc":{"Dur\u00e9e de lecture estim\u00e9e":"1 minute"},"schema":{"@context":"https:\/\/schema.org","@graph":[{"@type":"WebPage","@id":"https:\/\/traductionroumaine.fr\/","url":"https:\/\/traductionroumaine.fr\/","name":"Traduction fran\u00e7ais roumain entreprise soci\u00e9t\u00e9 accompagnement","isPartOf":{"@id":"https:\/\/traductionroumaine.fr\/#website"},"primaryImageOfPage":{"@id":"https:\/\/traductionroumaine.fr\/#primaryimage"},"image":{"@id":"https:\/\/traductionroumaine.fr\/#primaryimage"},"thumbnailUrl":"https:\/\/traductionroumaine.fr\/wp-content\/uploads\/2026\/03\/Photo-profil-sacou1-928x1024.jpg","datePublished":"2026-03-23T21:23:48+00:00","dateModified":"2026-04-03T18:09:11+00:00","description":"Ma mission: franchir les barri\u00e8res linguistiques et accompagner les entreprises ambitieuses dans leur d\u00e9veloppement sur le march\u00e9 roumain.","breadcrumb":{"@id":"https:\/\/traductionroumaine.fr\/#breadcrumb"},"inLanguage":"fr-FR","potentialAction":[{"@type":"ReadAction","target":["https:\/\/traductionroumaine.fr\/"]}]},{"@type":"ImageObject","inLanguage":"fr-FR","@id":"https:\/\/traductionroumaine.fr\/#primaryimage","url":"https:\/\/traductionroumaine.fr\/wp-content\/uploads\/2026\/03\/Photo-profil-sacou1-scaled.jpg","contentUrl":"https:\/\/traductionroumaine.fr\/wp-content\/uploads\/2026\/03\/Photo-profil-sacou1-scaled.jpg","width":2319,"height":2560},{"@type":"BreadcrumbList","@id":"https:\/\/traductionroumaine.fr\/#breadcrumb","itemListElement":[{"@type":"ListItem","position":1,"name":"Accueil","item":"https:\/\/traductionroumaine.fr\/"},{"@type":"ListItem","position":2,"name":"Traductrice &#8211; Interpr\u00e8te"}]},{"@type":"WebSite","@id":"https:\/\/traductionroumaine.fr\/#website","url":"https:\/\/traductionroumaine.fr\/","name":"Traductions fran\u00e7ais&lt;&gt; roumain","description":"","potentialAction":[{"@type":"SearchAction","target":{"@type":"EntryPoint","urlTemplate":"https:\/\/traductionroumaine.fr\/?s={search_term_string}"},"query-input":{"@type":"PropertyValueSpecification","valueRequired":true,"valueName":"search_term_string"}}],"inLanguage":"fr-FR"}]}},"_links":{"self":[{"href":"https:\/\/traductionroumaine.fr\/index.php?rest_route=\/wp\/v2\/pages\/15","targetHints":{"allow":["GET"]}}],"collection":[{"href":"https:\/\/traductionroumaine.fr\/index.php?rest_route=\/wp\/v2\/pages"}],"about":[{"href":"https:\/\/traductionroumaine.fr\/index.php?rest_route=\/wp\/v2\/types\/page"}],"author":[{"embeddable":true,"href":"https:\/\/traductionroumaine.fr\/index.php?rest_route=\/wp\/v2\/users\/1"}],"replies":[{"embeddable":true,"href":"https:\/\/traductionroumaine.fr\/index.php?rest_route=%2Fwp%2Fv2%2Fcomments&post=15"}],"version-history":[{"count":12,"href":"https:\/\/traductionroumaine.fr\/index.php?rest_route=\/wp\/v2\/pages\/15\/revisions"}],"predecessor-version":[{"id":48,"href":"https:\/\/traductionroumaine.fr\/index.php?rest_route=\/wp\/v2\/pages\/15\/revisions\/48"}],"wp:attachment":[{"href":"https:\/\/traductionroumaine.fr\/index.php?rest_route=%2Fwp%2Fv2%2Fmedia&parent=15"}],"curies":[{"name":"wp","href":"https:\/\/api.w.org\/{rel}","templated":true}]}}